{"id":18538,"date":"2022-03-07T17:17:41","date_gmt":"2022-03-07T17:17:41","guid":{"rendered":"https:\/\/ntics.co\/?page_id=18538"},"modified":"2025-02-20T19:35:53","modified_gmt":"2025-02-21T00:35:53","slug":"tramites-ambientales","status":"publish","type":"page","link":"https:\/\/ntics.co\/index.php\/tramites-ambientales\/","title":{"rendered":"Tr\u00e1mites Ambientales"},"content":{"rendered":"\t\t<div data-elementor-type=\"wp-page\" data-elementor-id=\"18538\" class=\"elementor elementor-18538\">\n\t\t\t\t\t\t<section class=\"elementor-section elementor-top-section elementor-element elementor-element-82813e5 scheme_te-default sc_bg_mask_bg_color elementor-section-boxed elementor-section-height-default elementor-section-height-default sc_fly_static\" data-id=\"82813e5\" data-element_type=\"section\" data-settings=\"{&quot;background_background&quot;:&quot;classic&quot;}\">\n\t\t\t\t\t\t\t<div class=\"elementor-background-overlay\"><\/div>\n\t\t\t\t\t\t\t<div class=\"elementor-container elementor-column-gap-extended\">\n\t\t\t\t\t<div class=\"elementor-column elementor-col-100 elementor-top-column elementor-element elementor-element-2378d03 sc_inner_width_none sc_content_align_inherit sc_layouts_column_icons_position_left sc_fly_static\" data-id=\"2378d03\" data-element_type=\"column\">\n\t\t\t<div class=\"elementor-widget-wrap elementor-element-populated\">\n\t\t\t\t\t\t<div class=\"elementor-element elementor-element-7506a4b sc_layouts_hide_on_tablet sc_layouts_hide_on_mobile sc_height_tiny sc_fly_static elementor-widget elementor-widget-spacer\" data-id=\"7506a4b\" data-element_type=\"widget\" data-widget_type=\"spacer.default\">\n\t\t\t\t<div class=\"elementor-widget-container\">\n\t\t\t\t\t\t\t<div class=\"elementor-spacer\">\n\t\t\t<div class=\"elementor-spacer-inner\"><\/div>\n\t\t<\/div>\n\t\t\t\t\t\t<\/div>\n\t\t\t\t<\/div>\n\t\t\t\t<section class=\"elementor-section elementor-inner-section elementor-element elementor-element-2bbc179 elementor-section-boxed elementor-section-height-default elementor-section-height-default sc_fly_static\" data-id=\"2bbc179\" data-element_type=\"section\">\n\t\t\t\t\t\t<div class=\"elementor-container elementor-column-gap-no\">\n\t\t\t\t\t<div class=\"elementor-column elementor-col-33 elementor-inner-column elementor-element elementor-element-5619b1c sc_inner_width_none sc_content_align_inherit sc_layouts_column_icons_position_left sc_fly_static\" data-id=\"5619b1c\" data-element_type=\"column\">\n\t\t\t<div class=\"elementor-widget-wrap elementor-element-populated\">\n\t\t\t\t\t\t<div class=\"elementor-element elementor-element-d988896 sc_fly_static elementor-widget elementor-widget-trx_sc_title\" data-id=\"d988896\" data-element_type=\"widget\" data-widget_type=\"trx_sc_title.default\">\n\t\t\t\t<div class=\"elementor-widget-container\">\n\t\t\t\t\t<div\t\tclass=\"sc_title sc_title_default\" ><span class=\"sc_item_subtitle sc_title_subtitle sc_item_subtitle_above sc_item_title_style_default\">Tr\u00e1mites<\/span><h1 class=\"sc_item_title sc_title_title sc_item_title_style_default sc_item_title_tag\"\n\t\t\t><span class=\"sc_item_title_text\">Ambientales<\/span><\/h1><\/div>\t\t\t\t<\/div>\n\t\t\t\t<\/div>\n\t\t\t\t\t<\/div>\n\t\t<\/div>\n\t\t\t\t<div class=\"elementor-column elementor-col-33 elementor-inner-column elementor-element elementor-element-6553d37 sc_inner_width_none sc_content_align_inherit sc_layouts_column_icons_position_left sc_fly_static\" data-id=\"6553d37\" data-element_type=\"column\">\n\t\t\t<div class=\"elementor-widget-wrap elementor-element-populated\">\n\t\t\t\t\t\t<div class=\"elementor-element elementor-element-56b6bc1 sc_fly_static elementor-widget elementor-widget-spacer\" data-id=\"56b6bc1\" data-element_type=\"widget\" data-widget_type=\"spacer.default\">\n\t\t\t\t<div class=\"elementor-widget-container\">\n\t\t\t\t\t\t\t<div class=\"elementor-spacer\">\n\t\t\t<div class=\"elementor-spacer-inner\"><\/div>\n\t\t<\/div>\n\t\t\t\t\t\t<\/div>\n\t\t\t\t<\/div>\n\t\t\t\t<div class=\"elementor-element elementor-element-aea2600 sc_fly_static elementor-widget elementor-widget-text-editor\" data-id=\"aea2600\" data-element_type=\"widget\" data-widget_type=\"text-editor.default\">\n\t\t\t\t<div class=\"elementor-widget-container\">\n\t\t\t\t\t\t\t\t\t<p>Elaboraci\u00f3n de estudios t\u00e9cnicos, documentos y formularios necesarios para el acompa\u00f1amiento en tr\u00e1mite de permisos ambientales ante las distintas autoridades ambientales a nivel nacional.<\/p>\t\t\t\t\t\t\t\t<\/div>\n\t\t\t\t<\/div>\n\t\t\t\t\t<\/div>\n\t\t<\/div>\n\t\t\t\t<div class=\"elementor-column elementor-col-33 elementor-inner-column elementor-element elementor-element-6cba884 sc_inner_width_none sc_content_align_inherit sc_layouts_column_icons_position_left sc_fly_static\" data-id=\"6cba884\" data-element_type=\"column\">\n\t\t\t<div class=\"elementor-widget-wrap elementor-element-populated\">\n\t\t\t\t\t\t<div class=\"elementor-element elementor-element-c07a44e sc_fly_static elementor-widget elementor-widget-spacer\" data-id=\"c07a44e\" data-element_type=\"widget\" data-widget_type=\"spacer.default\">\n\t\t\t\t<div class=\"elementor-widget-container\">\n\t\t\t\t\t\t\t<div class=\"elementor-spacer\">\n\t\t\t<div class=\"elementor-spacer-inner\"><\/div>\n\t\t<\/div>\n\t\t\t\t\t\t<\/div>\n\t\t\t\t<\/div>\n\t\t\t\t<div class=\"elementor-element elementor-element-2de7619 sm_left sc_fly_static elementor-widget elementor-widget-trx_sc_slider_controls\" data-id=\"2de7619\" data-element_type=\"widget\" data-widget_type=\"trx_sc_slider_controls.default\">\n\t\t\t\t<div class=\"elementor-widget-container\">\n\t\t\t\t\t<div class=\"sc_slider_controls sc_slider_controls_alter slider_pagination_style_none sc_align_right\" data-slider-id=\"services_controls_2\" data-style=\"alter\" data-pagination-style=\"none\"><div class=\"slider_controls_wrap with_prev with_next\"><a class=\"slider_prev\" href=\"#\"><\/a><a class=\"slider_next\" href=\"#\"><\/a><\/div><\/div>\t\t\t\t<\/div>\n\t\t\t\t<\/div>\n\t\t\t\t\t<\/div>\n\t\t<\/div>\n\t\t\t\t\t<\/div>\n\t\t<\/section>\n\t\t\t\t<div class=\"elementor-element elementor-element-b3678f5 sc_layouts_hide_on_tablet sc_layouts_hide_on_mobile sc_height_large sc_fly_static elementor-widget elementor-widget-spacer\" data-id=\"b3678f5\" data-element_type=\"widget\" data-widget_type=\"spacer.default\">\n\t\t\t\t<div class=\"elementor-widget-container\">\n\t\t\t\t\t\t\t<div class=\"elementor-spacer\">\n\t\t\t<div class=\"elementor-spacer-inner\"><\/div>\n\t\t<\/div>\n\t\t\t\t\t\t<\/div>\n\t\t\t\t<\/div>\n\t\t\t\t<section class=\"elementor-section elementor-inner-section elementor-element elementor-element-2d75991 elementor-section-boxed elementor-section-height-default elementor-section-height-default sc_fly_static\" data-id=\"2d75991\" data-element_type=\"section\">\n\t\t\t\t\t\t<div class=\"elementor-container elementor-column-gap-no\">\n\t\t\t\t\t<div class=\"elementor-column elementor-col-33 elementor-inner-column elementor-element elementor-element-d3b1274 sc_inner_width_none sc_content_align_inherit sc_layouts_column_icons_position_left sc_fly_static\" data-id=\"d3b1274\" data-element_type=\"column\">\n\t\t\t<div class=\"elementor-widget-wrap elementor-element-populated\">\n\t\t\t\t\t\t<div class=\"elementor-element elementor-element-67cb2c2 sc_fly_static elementor-widget elementor-widget-spacer\" data-id=\"67cb2c2\" data-element_type=\"widget\" data-widget_type=\"spacer.default\">\n\t\t\t\t<div class=\"elementor-widget-container\">\n\t\t\t\t\t\t\t<div class=\"elementor-spacer\">\n\t\t\t<div class=\"elementor-spacer-inner\"><\/div>\n\t\t<\/div>\n\t\t\t\t\t\t<\/div>\n\t\t\t\t<\/div>\n\t\t\t\t\t<\/div>\n\t\t<\/div>\n\t\t\t\t<div class=\"elementor-column elementor-col-33 elementor-inner-column elementor-element elementor-element-d54113b sc_inner_width_none sc_content_align_inherit sc_layouts_column_icons_position_left sc_fly_static\" data-id=\"d54113b\" data-element_type=\"column\">\n\t\t\t<div class=\"elementor-widget-wrap elementor-element-populated\">\n\t\t\t\t\t\t<div class=\"elementor-element elementor-element-a6a2feb sc_fly_static elementor-widget elementor-widget-trx_sc_title\" data-id=\"a6a2feb\" data-element_type=\"widget\" data-widget_type=\"trx_sc_title.default\">\n\t\t\t\t<div class=\"elementor-widget-container\">\n\t\t\t\t\t<div\t\tclass=\"sc_title sc_title_default\" ><h1 class=\"sc_item_title sc_title_title sc_item_title_style_default sc_item_title_tag\"\n\t\t\t><span class=\"sc_item_title_text\">Servicios<\/span><\/h1><\/div>\t\t\t\t<\/div>\n\t\t\t\t<\/div>\n\t\t\t\t\t<\/div>\n\t\t<\/div>\n\t\t\t\t<div class=\"elementor-column elementor-col-33 elementor-inner-column elementor-element elementor-element-d3d48e4 sc_inner_width_none sc_content_align_inherit sc_layouts_column_icons_position_left sc_fly_static\" data-id=\"d3d48e4\" data-element_type=\"column\">\n\t\t\t<div class=\"elementor-widget-wrap elementor-element-populated\">\n\t\t\t\t\t\t<div class=\"elementor-element elementor-element-1216f6a sc_fly_static elementor-widget elementor-widget-spacer\" data-id=\"1216f6a\" data-element_type=\"widget\" data-widget_type=\"spacer.default\">\n\t\t\t\t<div class=\"elementor-widget-container\">\n\t\t\t\t\t\t\t<div class=\"elementor-spacer\">\n\t\t\t<div class=\"elementor-spacer-inner\"><\/div>\n\t\t<\/div>\n\t\t\t\t\t\t<\/div>\n\t\t\t\t<\/div>\n\t\t\t\t<div class=\"elementor-element elementor-element-215445c sm_left sc_fly_static elementor-widget elementor-widget-trx_sc_slider_controls\" data-id=\"215445c\" data-element_type=\"widget\" data-widget_type=\"trx_sc_slider_controls.default\">\n\t\t\t\t<div class=\"elementor-widget-container\">\n\t\t\t\t\t<div class=\"sc_slider_controls sc_slider_controls_alter slider_pagination_style_none sc_align_right\" data-slider-id=\"services_controls_2\" data-style=\"alter\" data-pagination-style=\"none\"><div class=\"slider_controls_wrap with_prev with_next\"><a class=\"slider_prev\" href=\"#\"><\/a><a class=\"slider_next\" href=\"#\"><\/a><\/div><\/div>\t\t\t\t<\/div>\n\t\t\t\t<\/div>\n\t\t\t\t\t<\/div>\n\t\t<\/div>\n\t\t\t\t\t<\/div>\n\t\t<\/section>\n\t\t\t\t<section class=\"elementor-section elementor-inner-section elementor-element elementor-element-7295b1b elementor-section-boxed elementor-section-height-default elementor-section-height-default sc_fly_static\" data-id=\"7295b1b\" data-element_type=\"section\" data-settings=\"{&quot;background_background&quot;:&quot;classic&quot;}\">\n\t\t\t\t\t\t\t<div class=\"elementor-background-overlay\"><\/div>\n\t\t\t\t\t\t\t<div class=\"elementor-container elementor-column-gap-no\">\n\t\t\t\t\t<div class=\"elementor-column elementor-col-100 elementor-inner-column elementor-element elementor-element-df078fd sc_inner_width_none sc_content_align_inherit sc_layouts_column_icons_position_left sc_fly_static\" data-id=\"df078fd\" data-element_type=\"column\" data-settings=\"{&quot;background_background&quot;:&quot;classic&quot;}\">\n\t\t\t<div class=\"elementor-widget-wrap elementor-element-populated\">\n\t\t\t\t\t<div class=\"elementor-background-overlay\"><\/div>\n\t\t\t\t\t\t<div class=\"elementor-element elementor-element-5d178ce sc_height_medium sc_fly_static elementor-widget elementor-widget-spacer\" data-id=\"5d178ce\" data-element_type=\"widget\" data-widget_type=\"spacer.default\">\n\t\t\t\t<div class=\"elementor-widget-container\">\n\t\t\t\t\t\t\t<div class=\"elementor-spacer\">\n\t\t\t<div class=\"elementor-spacer-inner\"><\/div>\n\t\t<\/div>\n\t\t\t\t\t\t<\/div>\n\t\t\t\t<\/div>\n\t\t\t\t<div class=\"elementor-element elementor-element-4b66270 sc_fly_static elementor-widget elementor-widget-trx_sc_services\" data-id=\"4b66270\" data-element_type=\"widget\" id=\"services_controls_2\" data-widget_type=\"trx_sc_services.default\">\n\t\t\t\t<div class=\"elementor-widget-container\">\n\t\t\t\t\t<div id=\"services_controls_2_sc\" class=\"sc_services color_style_link2 sc_services_strange sc_services_featured_top\"><div class=\"sc_services_columns_wrap sc_item_columns sc_item_posts_container sc_item_columns_2 trx_addons_columns_wrap columns_padding_bottom columns_in_single_row\"><div class=\"trx_addons_column-1_2 \"><div data-post-id=\"2599\" class=\"sc_services_item sc_item_container post_container with_content post-2599 post type-post status-publish format-standard has-post-thumbnail hentry category-permisos\"><div class=\"post_featured with_thumb hover_link sc_services_item_header post_featured_bg\"><span class=\"post_thumb post_thumb_bg bg_in planty_inline_861270916\"><\/span>\t\t\t\t\t\t<div class=\"mask\"><\/div>\r\n\t\t\t\t\t\t<a class=\"post_link sc_services_item_link\" href=\"https:\/\/ntics.co\/index.php\/2020\/05\/14\/concesion-de-agua\/\"><\/a>\t\t\t<a href=\"https:\/\/ntics.co\/index.php\/2020\/05\/14\/concesion-de-agua\/\"  aria-hidden=\"true\" class=\"link\"><\/a>\r\n\t\t\t<\/div>\t<div class=\"sc_services_item_content\">\r\n        <div class=\"sc_services_item_content_inner\">\r\n\t\t\t\t<h6 class=\"sc_services_item_title\"><a href=\"https:\/\/ntics.co\/index.php\/2020\/05\/14\/concesion-de-agua\/\">Concesi\u00f3n de agua<\/a><\/h6>\r\n\t\t\t\t\t<div class=\"sc_services_item_text\"><p>Programa de Uso Eficiente y Ahorro del Agua PUEAA, Hidrolog\u00eda, pruebas de bombeo<\/p>\n<\/div>\t<\/div>\r\n    <\/div>\r\n<\/div>\r\n<\/div><div class=\"trx_addons_column-1_2 \"><div data-post-id=\"2597\" class=\"sc_services_item sc_item_container post_container with_content post-2597 post type-post status-publish format-video has-post-thumbnail hentry category-permisos post_format-post-format-video\"><div class=\"post_featured with_thumb hover_link hover_play sc_services_item_header post_featured_bg with_video\"><span class=\"post_thumb post_thumb_bg bg_in planty_inline_257748459\"><\/span>\t\t\t\t\t\t<div class=\"mask\"><\/div>\r\n\t\t\t\t\t\t<a class=\"post_link sc_services_item_link\" href=\"https:\/\/ntics.co\/index.php\/2020\/05\/14\/permisos-de-vertimientos\/\"><\/a>\t\t\t<a href=\"https:\/\/ntics.co\/index.php\/2020\/05\/14\/permisos-de-vertimientos\/\"  aria-hidden=\"true\" class=\"link\"><\/a>\r\n\t\t\t\t\t\t\t\t\t\t\t<div class=\"post_video_hover\" data-video=\"&lt;iframe allow=&quot;autoplay&quot; src=&quot;https:\/\/www.youtube.com\/embed\/uHjJi2YU43M?feature=oembed&amp;%23038%3Bwmode=transparent&amp;%23038%3Borigin=https%3A%2F%2Fntics.co&amp;%23038%3Bwidgetid=1&amp;%23038%3Benablejsapi=1&amp;%23038%3Bdisablekb=1&amp;%23038%3Bmodestbranding=1&amp;%23038%3Biv_load_policy=3&amp;%23038%3Brel=0&amp;%23038%3Bshowinfo=0&amp;autoplay=1&quot; width=&quot;840&quot; height=&quot;473&quot;&gt;&lt;\/iframe&gt;\"><\/div>\r\n\t\t\t\t\t\t\t\t\t\t\t\t\t\t\t<div class=\"post_video video_frame\">\r\n\t\t\t\t\t\t\t\t\t\t\t\t\t\t\t<\/div>\r\n\t\t\t\t\t\t\t<\/div>\t<div class=\"sc_services_item_content\">\r\n        <div class=\"sc_services_item_content_inner\">\r\n\t\t\t\t<h6 class=\"sc_services_item_title\"><a href=\"https:\/\/ntics.co\/index.php\/2020\/05\/14\/permisos-de-vertimientos\/\">Permisos de Vertimientos<\/a><\/h6>\r\n\t\t\t\t\t<div class=\"sc_services_item_text\"><p>Planes de Gesti\u00f3n del Riesgo para el Manejo de Vertimientos -PGRMV, Evaluaci\u00f3n Ambiental del Vertimiento \u2013 EAV, modelaciones de agua, pruebas de infiltraci\u00f3n.<\/p>\n<\/div>\t<\/div>\r\n    <\/div>\r\n<\/div>\r\n<\/div><\/div><\/div>\t\t\t\t<\/div>\n\t\t\t\t<\/div>\n\t\t\t\t<div class=\"elementor-element elementor-element-22f9dc4 sc_height_medium sc_fly_static elementor-widget elementor-widget-spacer\" data-id=\"22f9dc4\" data-element_type=\"widget\" data-widget_type=\"spacer.default\">\n\t\t\t\t<div class=\"elementor-widget-container\">\n\t\t\t\t\t\t\t<div class=\"elementor-spacer\">\n\t\t\t<div class=\"elementor-spacer-inner\"><\/div>\n\t\t<\/div>\n\t\t\t\t\t\t<\/div>\n\t\t\t\t<\/div>\n\t\t\t\t<div class=\"elementor-element elementor-element-6852fc2 sc_fly_static elementor-widget elementor-widget-trx_sc_services\" data-id=\"6852fc2\" data-element_type=\"widget\" data-widget_type=\"trx_sc_services.default\">\n\t\t\t\t<div class=\"elementor-widget-container\">\n\t\t\t\t\t<div class=\"sc_services color_style_link2 sc_services_strange sc_services_featured_top\"><div class=\"sc_services_columns_wrap sc_item_columns sc_item_posts_container sc_item_columns_2 trx_addons_columns_wrap columns_padding_bottom columns_in_single_row\"><div class=\"trx_addons_column-1_2 \"><div data-post-id=\"2593\" class=\"sc_services_item sc_item_container post_container with_content post-2593 post type-post status-publish format-gallery has-post-thumbnail hentry category-servicios category-standard post_format-post-format-gallery\"><div class=\"post_featured with_thumb hover_link sc_services_item_header post_featured_bg\"><span class=\"post_thumb post_thumb_bg bg_in planty_inline_500369951\"><\/span>\t\t\t\t\t\t<div class=\"mask\"><\/div>\r\n\t\t\t\t\t\t<a class=\"post_link sc_services_item_link\" href=\"https:\/\/ntics.co\/index.php\/2020\/05\/14\/ocupacion-de-cauce\/\"><\/a>\t\t\t<a href=\"https:\/\/ntics.co\/index.php\/2020\/05\/14\/ocupacion-de-cauce\/\"  aria-hidden=\"true\" class=\"link\"><\/a>\r\n\t\t\t<\/div>\t<div class=\"sc_services_item_content\">\r\n        <div class=\"sc_services_item_content_inner\">\r\n\t\t\t\t<h6 class=\"sc_services_item_title\"><a href=\"https:\/\/ntics.co\/index.php\/2020\/05\/14\/ocupacion-de-cauce\/\">Ocupaci\u00f3n de cauce<\/a><\/h6>\r\n\t\t\t\t\t<div class=\"sc_services_item_text\"><p>Hidrolog\u00eda, hidr\u00e1ulica, socavaci\u00f3n.<\/p>\n<\/div>\t<\/div>\r\n    <\/div>\r\n<\/div>\r\n<\/div><div class=\"trx_addons_column-1_2 \"><div data-post-id=\"2588\" class=\"sc_services_item sc_item_container post_container with_content post-2588 post type-post status-publish format-standard has-post-thumbnail hentry category-servicios category-standard\"><div class=\"post_featured with_thumb hover_link sc_services_item_header post_featured_bg\"><span class=\"post_thumb post_thumb_bg bg_in planty_inline_135869338\"><\/span>\t\t\t\t\t\t<div class=\"mask\"><\/div>\r\n\t\t\t\t\t\t<a class=\"post_link sc_services_item_link\" href=\"https:\/\/ntics.co\/index.php\/2020\/05\/14\/aprovechamiento-forestal\/\"><\/a>\t\t\t<a href=\"https:\/\/ntics.co\/index.php\/2020\/05\/14\/aprovechamiento-forestal\/\"  aria-hidden=\"true\" class=\"link\"><\/a>\r\n\t\t\t<\/div>\t<div class=\"sc_services_item_content\">\r\n        <div class=\"sc_services_item_content_inner\">\r\n\t\t\t\t<h6 class=\"sc_services_item_title\"><a href=\"https:\/\/ntics.co\/index.php\/2020\/05\/14\/aprovechamiento-forestal\/\">Aprovechamiento forestal<\/a><\/h6>\r\n\t\t\t\t\t<div class=\"sc_services_item_text\"><p>Inventarios forestales, monitoreo y ahuyentamiento de fauna, estudios de conectividad ecol\u00f3gica.<\/p>\n<\/div>\t<\/div>\r\n    <\/div>\r\n<\/div>\r\n<\/div><\/div><\/div>\t\t\t\t<\/div>\n\t\t\t\t<\/div>\n\t\t\t\t\t<\/div>\n\t\t<\/div>\n\t\t\t\t\t<\/div>\n\t\t<\/section>\n\t\t\t\t<div class=\"elementor-element elementor-element-8b69e8a sc_layouts_hide_on_tablet sc_layouts_hide_on_mobile sc_height_tiny sc_fly_static elementor-widget elementor-widget-spacer\" data-id=\"8b69e8a\" data-element_type=\"widget\" data-widget_type=\"spacer.default\">\n\t\t\t\t<div class=\"elementor-widget-container\">\n\t\t\t\t\t\t\t<div class=\"elementor-spacer\">\n\t\t\t<div class=\"elementor-spacer-inner\"><\/div>\n\t\t<\/div>\n\t\t\t\t\t\t<\/div>\n\t\t\t\t<\/div>\n\t\t\t\t\t<\/div>\n\t\t<\/div>\n\t\t\t\t\t<\/div>\n\t\t<\/section>\n\t\t\t\t<section class=\"elementor-section elementor-top-section elementor-element elementor-element-9c25266 elementor-section-boxed elementor-section-height-default elementor-section-height-default sc_fly_static\" data-id=\"9c25266\" data-element_type=\"section\" data-settings=\"{&quot;background_background&quot;:&quot;classic&quot;}\">\n\t\t\t\t\t\t\t<div class=\"elementor-background-overlay\"><\/div>\n\t\t\t\t\t\t\t<div class=\"elementor-container elementor-column-gap-extended\">\n\t\t\t\t\t<div class=\"elementor-column elementor-col-100 elementor-top-column elementor-element elementor-element-5417c13 sc_inner_width_none sc_content_align_inherit sc_layouts_column_icons_position_left sc_fly_static\" data-id=\"5417c13\" data-element_type=\"column\">\n\t\t\t<div class=\"elementor-widget-wrap elementor-element-populated\">\n\t\t\t\t\t\t<div class=\"elementor-element elementor-element-d9fa96d sc_height_huge sc_fly_static elementor-widget elementor-widget-spacer\" data-id=\"d9fa96d\" data-element_type=\"widget\" data-widget_type=\"spacer.default\">\n\t\t\t\t<div class=\"elementor-widget-container\">\n\t\t\t\t\t\t\t<div class=\"elementor-spacer\">\n\t\t\t<div class=\"elementor-spacer-inner\"><\/div>\n\t\t<\/div>\n\t\t\t\t\t\t<\/div>\n\t\t\t\t<\/div>\n\t\t\t\t<div class=\"elementor-element elementor-element-514a154 sc_height_tiny sc_layouts_hide_on_tablet sc_layouts_hide_on_mobile sc_fly_static elementor-widget elementor-widget-spacer\" data-id=\"514a154\" data-element_type=\"widget\" data-widget_type=\"spacer.default\">\n\t\t\t\t<div class=\"elementor-widget-container\">\n\t\t\t\t\t\t\t<div class=\"elementor-spacer\">\n\t\t\t<div class=\"elementor-spacer-inner\"><\/div>\n\t\t<\/div>\n\t\t\t\t\t\t<\/div>\n\t\t\t\t<\/div>\n\t\t\t\t\t<\/div>\n\t\t<\/div>\n\t\t\t\t\t<\/div>\n\t\t<\/section>\n\t\t\t\t<\/div>\n\t\t","protected":false},"excerpt":{"rendered":"<p>Tr\u00e1mites Ambientales Elaboraci\u00f3n de estudios t\u00e9cnicos, documentos y formularios necesarios para el acompa\u00f1amiento en tr\u00e1mite de permisos ambientales ante las distintas autoridades ambientales a nivel nacional. Servicios Concesi\u00f3n de agua&hellip;<\/p>\n","protected":false},"author":2,"featured_media":0,"parent":0,"menu_order":0,"comment_status":"closed","ping_status":"closed","template":"","meta":{"footnotes":""},"acf":[],"_links":{"self":[{"href":"https:\/\/ntics.co\/index.php\/wp-json\/wp\/v2\/pages\/18538"}],"collection":[{"href":"https:\/\/ntics.co\/index.php\/wp-json\/wp\/v2\/pages"}],"about":[{"href":"https:\/\/ntics.co\/index.php\/wp-json\/wp\/v2\/types\/page"}],"author":[{"embeddable":true,"href":"https:\/\/ntics.co\/index.php\/wp-json\/wp\/v2\/users\/2"}],"replies":[{"embeddable":true,"href":"https:\/\/ntics.co\/index.php\/wp-json\/wp\/v2\/comments?post=18538"}],"version-history":[{"count":28,"href":"https:\/\/ntics.co\/index.php\/wp-json\/wp\/v2\/pages\/18538\/revisions"}],"predecessor-version":[{"id":22434,"href":"https:\/\/ntics.co\/index.php\/wp-json\/wp\/v2\/pages\/18538\/revisions\/22434"}],"wp:attachment":[{"href":"https:\/\/ntics.co\/index.php\/wp-json\/wp\/v2\/media?parent=18538"}],"curies":[{"name":"wp","href":"https:\/\/api.w.org\/{rel}","templated":true}]}}